{"id":836,"date":"2024-04-18T16:44:21","date_gmt":"2024-04-18T14:44:21","guid":{"rendered":"https:\/\/www.masdulac.com\/contact-maison-dhotes\/"},"modified":"2025-01-22T15:49:03","modified_gmt":"2025-01-22T14:49:03","slug":"contact-guest-house","status":"publish","type":"page","link":"https:\/\/www.masdulac.com\/en\/contact-guest-house\/","title":{"rendered":"Contact Guest House"},"content":{"rendered":"<style type=\"text\/css\"><\/style>[vc_row css=&#8221;.vc_custom_1713199996770{margin-right: 0px !important;margin-left: -2px !important;border-right-width: 1px !important;border-bottom-width: 1px !important;border-left-width: 1px !important;padding-bottom: 20px !important;padding-left: 0px !important;border-left-color: #ffffff !important;border-left-style: solid !important;border-right-color: #ffffff !important;border-right-style: solid !important;border-bottom-color: #ffffff !important;border-bottom-style: solid !important;}&#8221;][vc_column width=&#8221;2\/3&#8243; css=&#8221;.vc_custom_1707755649505{margin-left: 0px !important;border-left-width: 0px !important;padding-left: 0px !important;}&#8221;][vc_single_image image=&#8221;857&#8243; img_size=&#8221;full&#8221; el_class=&#8221;Bord-gauche&#8221; css=&#8221;.vc_custom_1733076799736{border-left-width: 0px !important;border-left-color: #ffffff !important;}&#8221;][vc_row_inner css=&#8221;.vc_custom_1707755661201{margin-top: 0px !important;margin-left: 0px !important;border-top-width: 0px !important;border-left-width: 0px !important;padding-top: 0px !important;padding-left: 0px !important;}&#8221;][vc_column_inner][vc_single_image image=&#8221;724&#8243; img_size=&#8221;full&#8221;][\/vc_column_inner][\/vc_row_inner][\/vc_column][vc_column width=&#8221;1\/3&#8243;][vc_column_text]\n<h2>Contact<\/h2>\n<p>LE MAS DULAC<br \/>\nChemin du Mas de Rey<br \/>\n30700 UZ\u00c8S<br \/>\nFRANCE<br \/>\nGPS : mas du lac<br \/>\nLat. : 43.9924199 \/ Long. : 4.4341053[\/vc_column_text][vc_column_text css=&#8221;.vc_custom_1737557338928{margin-top: 20px !important;}&#8221;]\n<h3>Group and event reservations:<\/h3>\n<p>(weddings, seminars, training, etc.) :<br \/>\n<strong>06 11 33 38 43<\/strong>[\/vc_column_text][vc_column_text css=&#8221;.vc_custom_1732478922906{margin-top: 20px !important;}&#8221;]\n<h3>BOOKING ROOMS and TABLE D&#8217;HOTES :<\/h3>\n<p><strong>Martine 06 11 33 38 43 or masdulac@free.fr<\/strong>[\/vc_column_text][vc_column_text css=&#8221;.vc_custom_1732479003259{margin-top: 20px !important;}&#8221;]\n<h3>TO GET TO MAS DULAC<\/h3>\n<p>Are you coming from A7 Motorway,<br \/>\nleaving it at Remoulins exit ?<\/p>\n<p>&#8230;then take Uzes direction and before Pont des Charettes as you see the Uzes signpost, take straught away the first little road on your right (500 metres before the Bonbons Museum ), then it will be the first Mas on your right handside.<br \/>\npuis le premier mas \u00e0 droite.[\/vc_column_text][\/vc_column][\/vc_row]\n","protected":false},"excerpt":{"rendered":"<p>[vc_row css=&#8221;.vc_custom_1713199996770{margin-right: 0px !important;margin-left: -2px !important;border-right-width: 1px !important;border-bottom-width: 1px !important;border-left-width: 1px !important;padding-bottom: 20px !important;padding-left: 0px !important;border-left-color: #ffffff !important;border-left-style: solid !important;border-right-color: #ffffff !important;border-right-style: solid !important;border-bottom-color: #ffffff !important;border-bottom-style: solid !important;}&#8221;][vc_column width=&#8221;2\/3&#8243; css=&#8221;.vc_custom_1707755649505{margin-left: 0px !important;border-left-width: 0px !important;padding-left: 0px !important;}&#8221;][vc_single_image image=&#8221;857&#8243; img_size=&#8221;full&#8221; el_class=&#8221;Bord-gauche&#8221; css=&#8221;.vc_custom_1733076799736{border-left-width: 0px !important;border-left-color: #ffffff !important;}&#8221;][vc_row_inner css=&#8221;.vc_custom_1707755661201{margin-top: 0px !important;margin-left: 0px !important;border-top-width: 0px !important;border-left-width: 0px !important;padding-top: 0px !important;padding-left:&#8230;<\/p>\n","protected":false},"author":1,"featured_media":0,"parent":0,"menu_order":0,"comment_status":"closed","ping_status":"closed","template":"","meta":{"ngg_post_thumbnail":0,"footnotes":""},"class_list":["post-836","page","type-page","status-publish","hentry"],"yoast_head":"<!-- This site is optimized with the Yoast SEO plugin v23.8 - https:\/\/yoast.com\/wordpress\/plugins\/seo\/ -->\n<title>Contact Guest House - Mas Dulac - Guest House<\/title>\n<meta name=\"robots\" content=\"index, follow, max-snippet:-1, max-image-preview:large, max-video-preview:-1\" \/>\n<link rel=\"canonical\" href=\"https:\/\/www.masdulac.com\/en\/contact-guest-house\/\" class=\"yoast-seo-meta-tag\" \/>\n<meta property=\"og:locale\" content=\"en_US\" class=\"yoast-seo-meta-tag\" \/>\n<meta property=\"og:type\" content=\"article\" class=\"yoast-seo-meta-tag\" \/>\n<meta property=\"og:title\" content=\"Contact Guest House - Mas Dulac - Guest House\" class=\"yoast-seo-meta-tag\" \/>\n<meta property=\"og:description\" content=\"[vc_row css=&#8221;.vc_custom_1713199996770{margin-right: 0px !important;margin-left: -2px !important;border-right-width: 1px !important;border-bottom-width: 1px !important;border-left-width: 1px !important;padding-bottom: 20px !important;padding-left: 0px !important;border-left-color: #ffffff !important;border-left-style: solid !important;border-right-color: #ffffff !important;border-right-style: solid !important;border-bottom-color: #ffffff !important;border-bottom-style: solid !important;}&#8221;][vc_column width=&#8221;2\/3&#8243; css=&#8221;.vc_custom_1707755649505{margin-left: 0px !important;border-left-width: 0px !important;padding-left: 0px !important;}&#8221;][vc_single_image image=&#8221;857&#8243; img_size=&#8221;full&#8221; el_class=&#8221;Bord-gauche&#8221; css=&#8221;.vc_custom_1733076799736{border-left-width: 0px !important;border-left-color: #ffffff !important;}&#8221;][vc_row_inner css=&#8221;.vc_custom_1707755661201{margin-top: 0px !important;margin-left: 0px !important;border-top-width: 0px !important;border-left-width: 0px !important;padding-top: 0px !important;padding-left:...\" class=\"yoast-seo-meta-tag\" \/>\n<meta property=\"og:url\" content=\"https:\/\/www.masdulac.com\/en\/contact-guest-house\/\" class=\"yoast-seo-meta-tag\" \/>\n<meta property=\"og:site_name\" content=\"Mas Dulac - Guest House\" class=\"yoast-seo-meta-tag\" \/>\n<meta property=\"article:modified_time\" content=\"2025-01-22T14:49:03+00:00\" class=\"yoast-seo-meta-tag\" \/>\n<meta name=\"twitter:card\" content=\"summary_large_image\" class=\"yoast-seo-meta-tag\" \/>\n<meta name=\"twitter:label1\" content=\"Est. reading time\" class=\"yoast-seo-meta-tag\" \/>\n\t<meta name=\"twitter:data1\" content=\"1 minute\" class=\"yoast-seo-meta-tag\" \/>\n<script type=\"application\/ld+json\" class=\"yoast-schema-graph\">{\"@context\":\"https:\/\/schema.org\",\"@graph\":[{\"@type\":\"WebPage\",\"@id\":\"https:\/\/www.masdulac.com\/en\/contact-guest-house\/\",\"url\":\"https:\/\/www.masdulac.com\/en\/contact-guest-house\/\",\"name\":\"Contact Guest House - Mas Dulac - Guest House\",\"isPartOf\":{\"@id\":\"https:\/\/www.masdulac.com\/en\/#website\"},\"datePublished\":\"2024-04-18T14:44:21+00:00\",\"dateModified\":\"2025-01-22T14:49:03+00:00\",\"breadcrumb\":{\"@id\":\"https:\/\/www.masdulac.com\/en\/contact-guest-house\/#breadcrumb\"},\"inLanguage\":\"en-US\",\"potentialAction\":[{\"@type\":\"ReadAction\",\"target\":[\"https:\/\/www.masdulac.com\/en\/contact-guest-house\/\"]}]},{\"@type\":\"BreadcrumbList\",\"@id\":\"https:\/\/www.masdulac.com\/en\/contact-guest-house\/#breadcrumb\",\"itemListElement\":[{\"@type\":\"ListItem\",\"position\":1,\"name\":\"Accueil\",\"item\":\"https:\/\/www.masdulac.com\/en\/\"},{\"@type\":\"ListItem\",\"position\":2,\"name\":\"Contact Guest House\"}]},{\"@type\":\"WebSite\",\"@id\":\"https:\/\/www.masdulac.com\/en\/#website\",\"url\":\"https:\/\/www.masdulac.com\/en\/\",\"name\":\"Maison d'h\u00f4tes \u00e0 Uz\u00e8s - Le Mas Dulac\",\"description\":\"\",\"publisher\":{\"@id\":\"https:\/\/www.masdulac.com\/en\/#organization\"},\"alternateName\":\"S\u00e9jour Gard\",\"potentialAction\":[{\"@type\":\"SearchAction\",\"target\":{\"@type\":\"EntryPoint\",\"urlTemplate\":\"https:\/\/www.masdulac.com\/en\/?s={search_term_string}\"},\"query-input\":{\"@type\":\"PropertyValueSpecification\",\"valueRequired\":true,\"valueName\":\"search_term_string\"}}],\"inLanguage\":\"en-US\"},{\"@type\":\"Organization\",\"@id\":\"https:\/\/www.masdulac.com\/en\/#organization\",\"name\":\"Maison d'h\u00f4tes \u00e0 Uz\u00e8s - Le Mas Dulac\",\"url\":\"https:\/\/www.masdulac.com\/en\/\",\"logo\":{\"@type\":\"ImageObject\",\"inLanguage\":\"en-US\",\"@id\":\"https:\/\/www.masdulac.com\/en\/#\/schema\/logo\/image\/\",\"url\":\"https:\/\/www.masdulac.com\/wp-content\/uploads\/2024\/12\/logo-mas-dulac-uzes-696.jpg\",\"contentUrl\":\"https:\/\/www.masdulac.com\/wp-content\/uploads\/2024\/12\/logo-mas-dulac-uzes-696.jpg\",\"width\":696,\"height\":696,\"caption\":\"Maison d'h\u00f4tes \u00e0 Uz\u00e8s - Le Mas Dulac\"},\"image\":{\"@id\":\"https:\/\/www.masdulac.com\/en\/#\/schema\/logo\/image\/\"}}]}<\/script>\n<!-- \/ Yoast SEO plugin. -->","yoast_head_json":{"title":"Contact Guest House - Mas Dulac - Guest House","robots":{"index":"index","follow":"follow","max-snippet":"max-snippet:-1","max-image-preview":"max-image-preview:large","max-video-preview":"max-video-preview:-1"},"canonical":"https:\/\/www.masdulac.com\/en\/contact-guest-house\/","og_locale":"en_US","og_type":"article","og_title":"Contact Guest House - Mas Dulac - Guest House","og_description":"[vc_row css=&#8221;.vc_custom_1713199996770{margin-right: 0px !important;margin-left: -2px !important;border-right-width: 1px !important;border-bottom-width: 1px !important;border-left-width: 1px !important;padding-bottom: 20px !important;padding-left: 0px !important;border-left-color: #ffffff !important;border-left-style: solid !important;border-right-color: #ffffff !important;border-right-style: solid !important;border-bottom-color: #ffffff !important;border-bottom-style: solid !important;}&#8221;][vc_column width=&#8221;2\/3&#8243; css=&#8221;.vc_custom_1707755649505{margin-left: 0px !important;border-left-width: 0px !important;padding-left: 0px !important;}&#8221;][vc_single_image image=&#8221;857&#8243; img_size=&#8221;full&#8221; el_class=&#8221;Bord-gauche&#8221; css=&#8221;.vc_custom_1733076799736{border-left-width: 0px !important;border-left-color: #ffffff !important;}&#8221;][vc_row_inner css=&#8221;.vc_custom_1707755661201{margin-top: 0px !important;margin-left: 0px !important;border-top-width: 0px !important;border-left-width: 0px !important;padding-top: 0px !important;padding-left:...","og_url":"https:\/\/www.masdulac.com\/en\/contact-guest-house\/","og_site_name":"Mas Dulac - Guest House","article_modified_time":"2025-01-22T14:49:03+00:00","twitter_card":"summary_large_image","twitter_misc":{"Est. reading time":"1 minute"},"schema":{"@context":"https:\/\/schema.org","@graph":[{"@type":"WebPage","@id":"https:\/\/www.masdulac.com\/en\/contact-guest-house\/","url":"https:\/\/www.masdulac.com\/en\/contact-guest-house\/","name":"Contact Guest House - Mas Dulac - Guest House","isPartOf":{"@id":"https:\/\/www.masdulac.com\/en\/#website"},"datePublished":"2024-04-18T14:44:21+00:00","dateModified":"2025-01-22T14:49:03+00:00","breadcrumb":{"@id":"https:\/\/www.masdulac.com\/en\/contact-guest-house\/#breadcrumb"},"inLanguage":"en-US","potentialAction":[{"@type":"ReadAction","target":["https:\/\/www.masdulac.com\/en\/contact-guest-house\/"]}]},{"@type":"BreadcrumbList","@id":"https:\/\/www.masdulac.com\/en\/contact-guest-house\/#breadcrumb","itemListElement":[{"@type":"ListItem","position":1,"name":"Accueil","item":"https:\/\/www.masdulac.com\/en\/"},{"@type":"ListItem","position":2,"name":"Contact Guest House"}]},{"@type":"WebSite","@id":"https:\/\/www.masdulac.com\/en\/#website","url":"https:\/\/www.masdulac.com\/en\/","name":"Maison d'h\u00f4tes \u00e0 Uz\u00e8s - Le Mas Dulac","description":"","publisher":{"@id":"https:\/\/www.masdulac.com\/en\/#organization"},"alternateName":"S\u00e9jour Gard","potentialAction":[{"@type":"SearchAction","target":{"@type":"EntryPoint","urlTemplate":"https:\/\/www.masdulac.com\/en\/?s={search_term_string}"},"query-input":{"@type":"PropertyValueSpecification","valueRequired":true,"valueName":"search_term_string"}}],"inLanguage":"en-US"},{"@type":"Organization","@id":"https:\/\/www.masdulac.com\/en\/#organization","name":"Maison d'h\u00f4tes \u00e0 Uz\u00e8s - Le Mas Dulac","url":"https:\/\/www.masdulac.com\/en\/","logo":{"@type":"ImageObject","inLanguage":"en-US","@id":"https:\/\/www.masdulac.com\/en\/#\/schema\/logo\/image\/","url":"https:\/\/www.masdulac.com\/wp-content\/uploads\/2024\/12\/logo-mas-dulac-uzes-696.jpg","contentUrl":"https:\/\/www.masdulac.com\/wp-content\/uploads\/2024\/12\/logo-mas-dulac-uzes-696.jpg","width":696,"height":696,"caption":"Maison d'h\u00f4tes \u00e0 Uz\u00e8s - Le Mas Dulac"},"image":{"@id":"https:\/\/www.masdulac.com\/en\/#\/schema\/logo\/image\/"}}]}},"_links":{"self":[{"href":"https:\/\/www.masdulac.com\/en\/wp-json\/wp\/v2\/pages\/836","targetHints":{"allow":["GET"]}}],"collection":[{"href":"https:\/\/www.masdulac.com\/en\/wp-json\/wp\/v2\/pages"}],"about":[{"href":"https:\/\/www.masdulac.com\/en\/wp-json\/wp\/v2\/types\/page"}],"author":[{"embeddable":true,"href":"https:\/\/www.masdulac.com\/en\/wp-json\/wp\/v2\/users\/1"}],"replies":[{"embeddable":true,"href":"https:\/\/www.masdulac.com\/en\/wp-json\/wp\/v2\/comments?post=836"}],"version-history":[{"count":5,"href":"https:\/\/www.masdulac.com\/en\/wp-json\/wp\/v2\/pages\/836\/revisions"}],"predecessor-version":[{"id":966,"href":"https:\/\/www.masdulac.com\/en\/wp-json\/wp\/v2\/pages\/836\/revisions\/966"}],"wp:attachment":[{"href":"https:\/\/www.masdulac.com\/en\/wp-json\/wp\/v2\/media?parent=836"}],"curies":[{"name":"wp","href":"https:\/\/api.w.org\/{rel}","templated":true}]}}