{"id":814,"date":"2024-02-24T20:01:02","date_gmt":"2024-02-24T19:01:02","guid":{"rendered":"https:\/\/www.masdulac.com\/votre-sejour-dans-la-maison-dhotes-dulac\/"},"modified":"2024-12-24T17:52:21","modified_gmt":"2024-12-24T16:52:21","slug":"your-stay-in-the-mas-dulac-guest-house","status":"publish","type":"page","link":"https:\/\/www.masdulac.com\/en\/your-stay-in-the-mas-dulac-guest-house\/","title":{"rendered":"Your stay in the Mas Dulac Guest house"},"content":{"rendered":"<style type=\"text\/css\"><\/style>[vc_row css=&#8221;.vc_custom_1712771272174{margin-right: 0px !important;margin-left: -2px !important;border-right-width: 1px !important;border-left-width: 1px !important;padding-left: 0px !important;border-left-color: #ffffff !important;border-left-style: solid !important;border-right-color: #ffffff !important;border-right-style: solid !important;}&#8221;][vc_column width=&#8221;2\/3&#8243; css=&#8221;.vc_custom_1712770326839{background-position: 0 0 !important;background-repeat: no-repeat !important;}&#8221;][vc_single_image image=&#8221;884&#8243; img_size=&#8221;full&#8221; css=&#8221;.vc_custom_1733150185908{border-left-width: 0px !important;}&#8221; el_class=&#8221;Bord-gauche&#8221;][vc_row_inner][vc_column_inner width=&#8221;1\/6&#8243; el_id=&#8221;Lettrine&#8221;][vc_single_image image=&#8221;886&#8243; img_size=&#8221;full&#8221; css=&#8221;.vc_custom_1733150382685{margin-left: -10px !important;}&#8221;][\/vc_column_inner][vc_column_inner width=&#8221;5\/6&#8243; css=&#8221;.vc_custom_1735057070946{margin-left: -55px !important;}&#8221; el_id=&#8221;chapeau&#8221;][vc_column_text]e Mas du Lac \u201ca certain state of mind\u201d that&#8217;s part of a lifelong journey. For Martine, welcoming people is a real choice&#8230; the joy of meeting, sharing and trusting&#8230; Welcoming people without knowing anything about them except that, whatever their age, nationality, social background or life experience, they are welcome&#8230; mixing people to foster harmonious relationships&#8230;[\/vc_column_text][\/vc_column_inner][\/vc_row_inner][vc_row_inner css=&#8221;.vc_custom_1734285512269{margin-top: 20px !important;margin-bottom: 20px !important;}&#8221;][vc_column_inner][vc_media_grid grid_id=&#8221;vc_gid:1735059087436-ca6ccddd-cbe2-1&#8243; include=&#8221;695,696,697&#8243;][\/vc_column_inner][\/vc_row_inner][vc_row_inner css=&#8221;.vc_custom_1709399765320{margin-top: 0px !important;margin-right: 0px !important;border-right-width: 0px !important;padding-right: 0px !important;}&#8221;][vc_column_inner css=&#8221;.vc_custom_1709398536202{padding-right: 20px !important;padding-left: 20px !important;}&#8221;][vc_custom_heading text=&#8221;Lifestyle choices&#8221; use_theme_fonts=&#8221;yes&#8221; css=&#8221;.vc_custom_1731524783501{margin-top: 0px !important;}&#8221;][\/vc_column_inner][\/vc_row_inner][vc_column_text css=&#8221;.vc_custom_1734285560461{padding-right: 20px !important;padding-left: 20px !important;}&#8221;]For your comfort and well-being at night, we offer very comfortable bedding, linen or cotton sateen sheets from Maison Ventilo, light blankets, Mohair from Le Moulin in the Dr\u00f4me, natural and refined products from the Martin de Candre artisanal soap factory in the Loire Valley, Egyptian lamps from Affaires \u00c9trang\u00e8res in Uz\u00e8s&#8230; We use organic cleaning products for both the linen and the home.[\/vc_column_text][vc_media_grid grid_id=&#8221;vc_gid:1735059087437-f354ca95-f81d-1&#8243; include=&#8221;925,923,921&#8243; css=&#8221;.vc_custom_1734286325275{margin-top: 20px !important;margin-bottom: 20px !important;margin-left: 10px !important;}&#8221;][vc_column_text css=&#8221;.vc_custom_1734285573389{padding-right: 20px !important;padding-left: 20px !important;}&#8221;]\n<h2 style=\"line-height: 40px;\">The guest table<\/h2>\n<h3><a href=\"https:\/\/www.masdulac.com\/wp-content\/uploads\/2024\/08\/20210214_090503-scaled-e1723658437511.jpg\"><img loading=\"lazy\" decoding=\"async\" class=\"alignleft wp-image-595 size-medium\" src=\"https:\/\/www.masdulac.com\/wp-content\/uploads\/2024\/08\/20210214_090503-225x300.jpg\" alt=\"\" width=\"225\" height=\"300\"><\/a>Organic, family-style, local cuisine<\/h3>\n<p>For meals, the crockery is most often that traditional to Provence, in glazed earth from the Poterie de Cliousclat in the Dr\u00f4me&#8230; and the food, by choice of life, essentially organic products, in season if possible, from local agriculture for fruit, vegetables, cheese, bread&#8230; olive oil from the property and wine from the Caveau de l&#8217;Aqueduc (from the Pont du Gard) which cultivates the small vineyard of Mas Dulac&#8230;[\/vc_column_text][\/vc_column][vc_column width=&#8221;1\/3&#8243; el_id=&#8221;encart-droite&#8221;][vc_column_text el_class=&#8221;Texte14&#8243;]\n<h2>Essential values<\/h2>\n<p>Participating in a quest for social harmony and, as a matter of the utmost urgency, a respectful relationship with nature &#8211; that&#8217;s the spirit of the place&#8230;<br \/>\n&#8230;that of Terra Madre, Slowfood, Terre et Humanisme led by Pierre Rabhi, Jean-Marie Pelt, Pierre Lieutaghi&#8230; all concerned with philosophy and ecology&#8230; like Armand Petitjean, a faithful friend and precursor in this field who, with Edgar Morin and Teddy Goldsmith, created Ecoropa, the magazine Transversales Sciences Culture, L&#8217;\u00c9cologiste&#8230;<\/p>\n<p>&nbsp;[\/vc_column_text][vc_tta_pageable no_fill_content_area=&#8221;true&#8221; autoplay=&#8221;10&#8243; active_section=&#8221;1&#8243; pagination_style=&#8221;&#8221; tab_position=&#8221;top&#8221; css_animation=&#8221;none&#8221; el_class=&#8221;HautDiapo&#8221;][vc_tta_section title=&#8221;Section 1&#8243; tab_id=&#8221;1708795077320-3badccf0-8134&#8243;][vc_single_image image=&#8221;650&#8243; img_size=&#8221;full&#8221; alignment=&#8221;center&#8221;][vc_column_text]Participating in a quest for social harmony and, as a matter of the utmost urgency, a respectful relationship with nature &#8211; that&#8217;s the spirit of the place&#8230;[\/vc_column_text][\/vc_tta_section][vc_tta_section title=&#8221;Section 2&#8243; tab_id=&#8221;1708795077336-7f01f00a-f0cc&#8221;][vc_single_image image=&#8221;651&#8243; img_size=&#8221;full&#8221; alignment=&#8221;center&#8221;][vc_column_text]Everyday happiness, rejuvenation, the poetry of life, beauty and nostalgia, so well expressed by Gaston Bachelard&#8230;[\/vc_column_text][\/vc_tta_section][vc_tta_section title=&#8221;Section 3&#8243; tab_id=&#8221;1708798372554-2c3f75f7-2e8c&#8221;][vc_single_image image=&#8221;657&#8243; img_size=&#8221;full&#8221; alignment=&#8221;center&#8221;][vc_column_text]a whole imaginary world expresses itself through a thousand objects \u201csheltered\u201d and loved&#8230;<br \/>\nback into everyday life :[\/vc_column_text][\/vc_tta_section][vc_tta_section title=&#8221;Section 4&#8243; tab_id=&#8221;1708798429332-eb652e7c-fc4c&#8221;][vc_single_image image=&#8221;658&#8243; img_size=&#8221;full&#8221; alignment=&#8221;center&#8221;][vc_column_text]old patinas of abandoned furniture, relegated tools, neglected pottery&#8230;[\/vc_column_text][\/vc_tta_section][vc_tta_section title=&#8221;Section 5&#8243; tab_id=&#8221;1708801118473-53c59ec7-a184&#8243;][vc_single_image image=&#8221;659&#8243; img_size=&#8221;full&#8221; alignment=&#8221;center&#8221;][vc_column_text]and come back to life in a poetic tour of old-fashioned pottery from Provence and Languedoc&#8230;[\/vc_column_text][\/vc_tta_section][vc_tta_section title=&#8221;Section 6&#8243; tab_id=&#8221;1708798583501-0d883e8b-ec9d&#8221;][vc_single_image image=&#8221;736&#8243; img_size=&#8221;full&#8221; alignment=&#8221;center&#8221;][vc_column_text]The poetry of everyday life is also the fire, St. John&#8217;s fire, but above all the fireplace, at the heart of the house&#8230; a dreamlike house, it makes you dream, it comforts&#8230;[\/vc_column_text][\/vc_tta_section][vc_tta_section title=&#8221;Section 7&#8243; tab_id=&#8221;1708801178272-c9b40380-89b3&#8243;][vc_single_image image=&#8221;738&#8243; img_size=&#8221;full&#8221; alignment=&#8221;center&#8221;][vc_column_text]For almost thirty years Martine has lived in the heart of Uz\u00e8s in her \u201cpassion house\u201d, the h\u00f4tel particulier, Chambon de la Tour and now in her \u201chappiness house\u201d&#8230;[\/vc_column_text][\/vc_tta_section][vc_tta_section title=&#8221;Section 8&#8243; tab_id=&#8221;1712772728732-070e87bc-0557&#8243;][vc_single_image image=&#8221;739&#8243; img_size=&#8221;full&#8221; alignment=&#8221;center&#8221;][vc_column_text]in the countryside, at Mas Dulac.<br \/>\nA return to essential values\u2026 another stage of life.[\/vc_column_text][\/vc_tta_section][\/vc_tta_pageable][vc_single_image image=&#8221;676&#8243; img_size=&#8221;full&#8221; title=&#8221;Martine de Fontanes&#8221; el_class=&#8221;Martine&#8221;][\/vc_column][\/vc_row][vc_row css=&#8221;.vc_custom_1723658724459{margin-top: 0px !important;margin-right: 0px !important;margin-left: -2px !important;border-top-width: 0px !important;border-right-width: 1px !important;border-bottom-width: 1px !important;border-left-width: 1px !important;padding-top: 0px !important;padding-bottom: 10px !important;padding-left: 0px !important;border-left-color: #ffffff !important;border-left-style: solid !important;border-right-color: #ffffff !important;border-right-style: solid !important;border-top-color: #ffffff !important;border-top-style: solid !important;border-bottom-color: #ffffff !important;border-bottom-style: solid !important;}&#8221;][vc_column width=&#8221;1\/4&#8243; css=&#8221;.vc_custom_1723658838309{padding-left: 15px !important;}&#8221;][vc_single_image image=&#8221;780&#8243; img_size=&#8221;full&#8221; alignment=&#8221;center&#8221; onclick=&#8221;link_image&#8221;][vc_column_text]\n<h5 style=\"text-align: center;\"><em>Seasonal home cooking<\/em><\/h5>\n[\/vc_column_text][\/vc_column][vc_column width=&#8221;1\/2&#8243;][vc_single_image image=&#8221;779&#8243; img_size=&#8221;full&#8221; alignment=&#8221;center&#8221; onclick=&#8221;link_image&#8221;][\/vc_column][vc_column width=&#8221;1\/4&#8243;][vc_single_image image=&#8221;781&#8243; img_size=&#8221;full&#8221; alignment=&#8221;center&#8221; onclick=&#8221;link_image&#8221;][vc_column_text]\n<h5 style=\"text-align: center;\"><em>Fresh local produce<\/em><\/h5>\n[\/vc_column_text][\/vc_column][\/vc_row]\n","protected":false},"excerpt":{"rendered":"<p>[vc_row css=&#8221;.vc_custom_1712771272174{margin-right: 0px !important;margin-left: -2px !important;border-right-width: 1px !important;border-left-width: 1px !important;padding-left: 0px !important;border-left-color: #ffffff !important;border-left-style: solid !important;border-right-color: #ffffff !important;border-right-style: solid !important;}&#8221;][vc_column width=&#8221;2\/3&#8243; css=&#8221;.vc_custom_1712770326839{background-position: 0 0 !important;background-repeat: no-repeat !important;}&#8221;][vc_single_image image=&#8221;884&#8243; img_size=&#8221;full&#8221; css=&#8221;.vc_custom_1733150185908{border-left-width: 0px !important;}&#8221; el_class=&#8221;Bord-gauche&#8221;][vc_row_inner][vc_column_inner width=&#8221;1\/6&#8243; el_id=&#8221;Lettrine&#8221;][vc_single_image image=&#8221;886&#8243; img_size=&#8221;full&#8221; css=&#8221;.vc_custom_1733150382685{margin-left: -10px !important;}&#8221;][\/vc_column_inner][vc_column_inner width=&#8221;5\/6&#8243; css=&#8221;.vc_custom_1735057070946{margin-left: -55px !important;}&#8221; el_id=&#8221;chapeau&#8221;][vc_column_text]e Mas du Lac \u201ca certain state of mind\u201d that&#8217;s part&#8230;<\/p>\n","protected":false},"author":1,"featured_media":0,"parent":0,"menu_order":0,"comment_status":"closed","ping_status":"closed","template":"","meta":{"ngg_post_thumbnail":0,"footnotes":""},"class_list":["post-814","page","type-page","status-publish","hentry"],"yoast_head":"<!-- This site is optimized with the Yoast SEO plugin v23.8 - https:\/\/yoast.com\/wordpress\/plugins\/seo\/ -->\n<title>Your stay in the Mas Dulac Guest house - Mas Dulac - Guest House<\/title>\n<meta name=\"robots\" content=\"index, follow, max-snippet:-1, max-image-preview:large, max-video-preview:-1\" \/>\n<link rel=\"canonical\" href=\"https:\/\/www.masdulac.com\/en\/your-stay-in-the-mas-dulac-guest-house\/\" class=\"yoast-seo-meta-tag\" \/>\n<meta property=\"og:locale\" content=\"en_US\" class=\"yoast-seo-meta-tag\" \/>\n<meta property=\"og:type\" content=\"article\" class=\"yoast-seo-meta-tag\" \/>\n<meta property=\"og:title\" content=\"Your stay in the Mas Dulac Guest house - Mas Dulac - Guest House\" class=\"yoast-seo-meta-tag\" \/>\n<meta property=\"og:description\" content=\"[vc_row css=&#8221;.vc_custom_1712771272174{margin-right: 0px !important;margin-left: -2px !important;border-right-width: 1px !important;border-left-width: 1px !important;padding-left: 0px !important;border-left-color: #ffffff !important;border-left-style: solid !important;border-right-color: #ffffff !important;border-right-style: solid !important;}&#8221;][vc_column width=&#8221;2\/3&#8243; css=&#8221;.vc_custom_1712770326839{background-position: 0 0 !important;background-repeat: no-repeat !important;}&#8221;][vc_single_image image=&#8221;884&#8243; img_size=&#8221;full&#8221; css=&#8221;.vc_custom_1733150185908{border-left-width: 0px !important;}&#8221; el_class=&#8221;Bord-gauche&#8221;][vc_row_inner][vc_column_inner width=&#8221;1\/6&#8243; el_id=&#8221;Lettrine&#8221;][vc_single_image image=&#8221;886&#8243; img_size=&#8221;full&#8221; css=&#8221;.vc_custom_1733150382685{margin-left: -10px !important;}&#8221;][\/vc_column_inner][vc_column_inner width=&#8221;5\/6&#8243; css=&#8221;.vc_custom_1735057070946{margin-left: -55px !important;}&#8221; el_id=&#8221;chapeau&#8221;][vc_column_text]e Mas du Lac \u201ca certain state of mind\u201d that&#8217;s part...\" class=\"yoast-seo-meta-tag\" \/>\n<meta property=\"og:url\" content=\"https:\/\/www.masdulac.com\/en\/your-stay-in-the-mas-dulac-guest-house\/\" class=\"yoast-seo-meta-tag\" \/>\n<meta property=\"og:site_name\" content=\"Mas Dulac - Guest House\" class=\"yoast-seo-meta-tag\" \/>\n<meta property=\"article:modified_time\" content=\"2024-12-24T16:52:21+00:00\" class=\"yoast-seo-meta-tag\" \/>\n<meta property=\"og:image\" content=\"https:\/\/www.masdulac.com\/wp-content\/uploads\/2024\/08\/20210214_090503-225x300.jpg\" class=\"yoast-seo-meta-tag\" \/>\n<meta name=\"twitter:card\" content=\"summary_large_image\" class=\"yoast-seo-meta-tag\" \/>\n<meta name=\"twitter:label1\" content=\"Est. reading time\" class=\"yoast-seo-meta-tag\" \/>\n\t<meta name=\"twitter:data1\" content=\"4 minutes\" class=\"yoast-seo-meta-tag\" \/>\n<script type=\"application\/ld+json\" class=\"yoast-schema-graph\">{\"@context\":\"https:\/\/schema.org\",\"@graph\":[{\"@type\":\"WebPage\",\"@id\":\"https:\/\/www.masdulac.com\/en\/your-stay-in-the-mas-dulac-guest-house\/\",\"url\":\"https:\/\/www.masdulac.com\/en\/your-stay-in-the-mas-dulac-guest-house\/\",\"name\":\"Your stay in the Mas Dulac Guest house - Mas Dulac - Guest House\",\"isPartOf\":{\"@id\":\"https:\/\/www.masdulac.com\/en\/#website\"},\"primaryImageOfPage\":{\"@id\":\"https:\/\/www.masdulac.com\/en\/your-stay-in-the-mas-dulac-guest-house\/#primaryimage\"},\"image\":{\"@id\":\"https:\/\/www.masdulac.com\/en\/your-stay-in-the-mas-dulac-guest-house\/#primaryimage\"},\"thumbnailUrl\":\"https:\/\/www.masdulac.com\/wp-content\/uploads\/2024\/08\/20210214_090503-225x300.jpg\",\"datePublished\":\"2024-02-24T19:01:02+00:00\",\"dateModified\":\"2024-12-24T16:52:21+00:00\",\"breadcrumb\":{\"@id\":\"https:\/\/www.masdulac.com\/en\/your-stay-in-the-mas-dulac-guest-house\/#breadcrumb\"},\"inLanguage\":\"en-US\",\"potentialAction\":[{\"@type\":\"ReadAction\",\"target\":[\"https:\/\/www.masdulac.com\/en\/your-stay-in-the-mas-dulac-guest-house\/\"]}]},{\"@type\":\"ImageObject\",\"inLanguage\":\"en-US\",\"@id\":\"https:\/\/www.masdulac.com\/en\/your-stay-in-the-mas-dulac-guest-house\/#primaryimage\",\"url\":\"https:\/\/www.masdulac.com\/wp-content\/uploads\/2024\/08\/20210214_090503-225x300.jpg\",\"contentUrl\":\"https:\/\/www.masdulac.com\/wp-content\/uploads\/2024\/08\/20210214_090503-225x300.jpg\"},{\"@type\":\"BreadcrumbList\",\"@id\":\"https:\/\/www.masdulac.com\/en\/your-stay-in-the-mas-dulac-guest-house\/#breadcrumb\",\"itemListElement\":[{\"@type\":\"ListItem\",\"position\":1,\"name\":\"Accueil\",\"item\":\"https:\/\/www.masdulac.com\/en\/\"},{\"@type\":\"ListItem\",\"position\":2,\"name\":\"Your stay in the Mas Dulac Guest house\"}]},{\"@type\":\"WebSite\",\"@id\":\"https:\/\/www.masdulac.com\/en\/#website\",\"url\":\"https:\/\/www.masdulac.com\/en\/\",\"name\":\"Maison d'h\u00f4tes \u00e0 Uz\u00e8s - Le Mas Dulac\",\"description\":\"\",\"publisher\":{\"@id\":\"https:\/\/www.masdulac.com\/en\/#organization\"},\"alternateName\":\"S\u00e9jour Gard\",\"potentialAction\":[{\"@type\":\"SearchAction\",\"target\":{\"@type\":\"EntryPoint\",\"urlTemplate\":\"https:\/\/www.masdulac.com\/en\/?s={search_term_string}\"},\"query-input\":{\"@type\":\"PropertyValueSpecification\",\"valueRequired\":true,\"valueName\":\"search_term_string\"}}],\"inLanguage\":\"en-US\"},{\"@type\":\"Organization\",\"@id\":\"https:\/\/www.masdulac.com\/en\/#organization\",\"name\":\"Maison d'h\u00f4tes \u00e0 Uz\u00e8s - Le Mas Dulac\",\"url\":\"https:\/\/www.masdulac.com\/en\/\",\"logo\":{\"@type\":\"ImageObject\",\"inLanguage\":\"en-US\",\"@id\":\"https:\/\/www.masdulac.com\/en\/#\/schema\/logo\/image\/\",\"url\":\"https:\/\/www.masdulac.com\/wp-content\/uploads\/2024\/12\/logo-mas-dulac-uzes-696.jpg\",\"contentUrl\":\"https:\/\/www.masdulac.com\/wp-content\/uploads\/2024\/12\/logo-mas-dulac-uzes-696.jpg\",\"width\":696,\"height\":696,\"caption\":\"Maison d'h\u00f4tes \u00e0 Uz\u00e8s - Le Mas Dulac\"},\"image\":{\"@id\":\"https:\/\/www.masdulac.com\/en\/#\/schema\/logo\/image\/\"}}]}<\/script>\n<!-- \/ Yoast SEO plugin. -->","yoast_head_json":{"title":"Your stay in the Mas Dulac Guest house - Mas Dulac - Guest House","robots":{"index":"index","follow":"follow","max-snippet":"max-snippet:-1","max-image-preview":"max-image-preview:large","max-video-preview":"max-video-preview:-1"},"canonical":"https:\/\/www.masdulac.com\/en\/your-stay-in-the-mas-dulac-guest-house\/","og_locale":"en_US","og_type":"article","og_title":"Your stay in the Mas Dulac Guest house - Mas Dulac - Guest House","og_description":"[vc_row css=&#8221;.vc_custom_1712771272174{margin-right: 0px !important;margin-left: -2px !important;border-right-width: 1px !important;border-left-width: 1px !important;padding-left: 0px !important;border-left-color: #ffffff !important;border-left-style: solid !important;border-right-color: #ffffff !important;border-right-style: solid !important;}&#8221;][vc_column width=&#8221;2\/3&#8243; css=&#8221;.vc_custom_1712770326839{background-position: 0 0 !important;background-repeat: no-repeat !important;}&#8221;][vc_single_image image=&#8221;884&#8243; img_size=&#8221;full&#8221; css=&#8221;.vc_custom_1733150185908{border-left-width: 0px !important;}&#8221; el_class=&#8221;Bord-gauche&#8221;][vc_row_inner][vc_column_inner width=&#8221;1\/6&#8243; el_id=&#8221;Lettrine&#8221;][vc_single_image image=&#8221;886&#8243; img_size=&#8221;full&#8221; css=&#8221;.vc_custom_1733150382685{margin-left: -10px !important;}&#8221;][\/vc_column_inner][vc_column_inner width=&#8221;5\/6&#8243; css=&#8221;.vc_custom_1735057070946{margin-left: -55px !important;}&#8221; el_id=&#8221;chapeau&#8221;][vc_column_text]e Mas du Lac \u201ca certain state of mind\u201d that&#8217;s part...","og_url":"https:\/\/www.masdulac.com\/en\/your-stay-in-the-mas-dulac-guest-house\/","og_site_name":"Mas Dulac - Guest House","article_modified_time":"2024-12-24T16:52:21+00:00","og_image":[{"url":"https:\/\/www.masdulac.com\/wp-content\/uploads\/2024\/08\/20210214_090503-225x300.jpg"}],"twitter_card":"summary_large_image","twitter_misc":{"Est. reading time":"4 minutes"},"schema":{"@context":"https:\/\/schema.org","@graph":[{"@type":"WebPage","@id":"https:\/\/www.masdulac.com\/en\/your-stay-in-the-mas-dulac-guest-house\/","url":"https:\/\/www.masdulac.com\/en\/your-stay-in-the-mas-dulac-guest-house\/","name":"Your stay in the Mas Dulac Guest house - Mas Dulac - Guest House","isPartOf":{"@id":"https:\/\/www.masdulac.com\/en\/#website"},"primaryImageOfPage":{"@id":"https:\/\/www.masdulac.com\/en\/your-stay-in-the-mas-dulac-guest-house\/#primaryimage"},"image":{"@id":"https:\/\/www.masdulac.com\/en\/your-stay-in-the-mas-dulac-guest-house\/#primaryimage"},"thumbnailUrl":"https:\/\/www.masdulac.com\/wp-content\/uploads\/2024\/08\/20210214_090503-225x300.jpg","datePublished":"2024-02-24T19:01:02+00:00","dateModified":"2024-12-24T16:52:21+00:00","breadcrumb":{"@id":"https:\/\/www.masdulac.com\/en\/your-stay-in-the-mas-dulac-guest-house\/#breadcrumb"},"inLanguage":"en-US","potentialAction":[{"@type":"ReadAction","target":["https:\/\/www.masdulac.com\/en\/your-stay-in-the-mas-dulac-guest-house\/"]}]},{"@type":"ImageObject","inLanguage":"en-US","@id":"https:\/\/www.masdulac.com\/en\/your-stay-in-the-mas-dulac-guest-house\/#primaryimage","url":"https:\/\/www.masdulac.com\/wp-content\/uploads\/2024\/08\/20210214_090503-225x300.jpg","contentUrl":"https:\/\/www.masdulac.com\/wp-content\/uploads\/2024\/08\/20210214_090503-225x300.jpg"},{"@type":"BreadcrumbList","@id":"https:\/\/www.masdulac.com\/en\/your-stay-in-the-mas-dulac-guest-house\/#breadcrumb","itemListElement":[{"@type":"ListItem","position":1,"name":"Accueil","item":"https:\/\/www.masdulac.com\/en\/"},{"@type":"ListItem","position":2,"name":"Your stay in the Mas Dulac Guest house"}]},{"@type":"WebSite","@id":"https:\/\/www.masdulac.com\/en\/#website","url":"https:\/\/www.masdulac.com\/en\/","name":"Maison d'h\u00f4tes \u00e0 Uz\u00e8s - Le Mas Dulac","description":"","publisher":{"@id":"https:\/\/www.masdulac.com\/en\/#organization"},"alternateName":"S\u00e9jour Gard","potentialAction":[{"@type":"SearchAction","target":{"@type":"EntryPoint","urlTemplate":"https:\/\/www.masdulac.com\/en\/?s={search_term_string}"},"query-input":{"@type":"PropertyValueSpecification","valueRequired":true,"valueName":"search_term_string"}}],"inLanguage":"en-US"},{"@type":"Organization","@id":"https:\/\/www.masdulac.com\/en\/#organization","name":"Maison d'h\u00f4tes \u00e0 Uz\u00e8s - Le Mas Dulac","url":"https:\/\/www.masdulac.com\/en\/","logo":{"@type":"ImageObject","inLanguage":"en-US","@id":"https:\/\/www.masdulac.com\/en\/#\/schema\/logo\/image\/","url":"https:\/\/www.masdulac.com\/wp-content\/uploads\/2024\/12\/logo-mas-dulac-uzes-696.jpg","contentUrl":"https:\/\/www.masdulac.com\/wp-content\/uploads\/2024\/12\/logo-mas-dulac-uzes-696.jpg","width":696,"height":696,"caption":"Maison d'h\u00f4tes \u00e0 Uz\u00e8s - Le Mas Dulac"},"image":{"@id":"https:\/\/www.masdulac.com\/en\/#\/schema\/logo\/image\/"}}]}},"_links":{"self":[{"href":"https:\/\/www.masdulac.com\/en\/wp-json\/wp\/v2\/pages\/814","targetHints":{"allow":["GET"]}}],"collection":[{"href":"https:\/\/www.masdulac.com\/en\/wp-json\/wp\/v2\/pages"}],"about":[{"href":"https:\/\/www.masdulac.com\/en\/wp-json\/wp\/v2\/types\/page"}],"author":[{"embeddable":true,"href":"https:\/\/www.masdulac.com\/en\/wp-json\/wp\/v2\/users\/1"}],"replies":[{"embeddable":true,"href":"https:\/\/www.masdulac.com\/en\/wp-json\/wp\/v2\/comments?post=814"}],"version-history":[{"count":11,"href":"https:\/\/www.masdulac.com\/en\/wp-json\/wp\/v2\/pages\/814\/revisions"}],"predecessor-version":[{"id":948,"href":"https:\/\/www.masdulac.com\/en\/wp-json\/wp\/v2\/pages\/814\/revisions\/948"}],"wp:attachment":[{"href":"https:\/\/www.masdulac.com\/en\/wp-json\/wp\/v2\/media?parent=814"}],"curies":[{"name":"wp","href":"https:\/\/api.w.org\/{rel}","templated":true}]}}