{"id":793,"date":"2024-04-22T17:45:34","date_gmt":"2024-04-22T15:45:34","guid":{"rendered":"https:\/\/www.masdulac.com\/bienvenue-au-mas-dulac-votre-maison-dhotes-3\/"},"modified":"2024-12-24T18:23:33","modified_gmt":"2024-12-24T17:23:33","slug":"bienvenue-au-mas-dulac-votre-maison-dhotes-3","status":"publish","type":"page","link":"https:\/\/www.masdulac.com\/en\/","title":{"rendered":"At the doors of Provence, a guesthouse in an old mas, in Uzes"},"content":{"rendered":"<style type=\"text\/css\"><\/style>[vc_row css=&#8221;.vc_custom_1713449874128{margin-top: 10% !important;}&#8221;][vc_column][ucaddon_uc_starter_header image=&#8221;434&#8243; subheader=&#8221;le mas Dulac&#8221; header=&#8221;a guest house at the gates of Provence&#8221; btn_bg=&#8221;#38a2dc8a&#8221; btn_text=&#8221;bienvenue&#8221; btn_text_color=&#8221;#ffffff&#8221; link=&#8221;https:\/\/www.masdulac.com\/en\/a-guest-house-in-uzes-gard&#8221; uc_fonts_data=&#8221;JTdCJTIyc3ViaGVhZGVyJTIyJTNBJTdCJTIyZm9udC1mYW1pbHklMjIlM0ElMjJMb2JzdGVyJTIyJTJDJTIyZm9udC13ZWlnaHQlMjIlM0ElMjIzMDAlMjIlMkMlMjJmb250LXNpemUlMjIlM0ElMjI5MHB4JTIyJTJDJTIybW9iaWxlLXNpemUlMjIlM0ElMjIzMnB4JTIyJTJDJTIyY3VzdG9tJTIyJTNBJTIydGV4dC1zaGFkb3clM0Fub25lJTNCJTIyJTdEJTJDJTIyaGVhZGVyJTIyJTNBJTdCJTIyZm9udC1mYW1pbHklMjIlM0ElMjJPcGVuJTIwU2FucyUyMiUyQyUyMmZvbnQtd2VpZ2h0JTIyJTNBJTIyMzAwJTIyJTJDJTIyZm9udC1zaXplJTIyJTNBJTIyNDBweCUyMiUyQyUyMm1vYmlsZS1zaXplJTIyJTNBJTIyMjBweCUyMiUyQyUyMmN1c3RvbSUyMiUzQSUyMnRleHQtc2hhZG93JTNBbm9uZSUzQiUyMiU3RCUyQyUyMmJ0bl90ZXh0JTIyJTNBJTdCJTIyZm9udC1mYW1pbHklMjIlM0ElMjJPcGVuJTIwU2FucyUyMiUyQyUyMmZvbnQtd2VpZ2h0JTIyJTNBJTIyMzAwJTIyJTJDJTIyZm9udC1zaXplJTIyJTNBJTIyMTVweCUyMiU3RCU3RA==&#8221;][\/vc_column][\/vc_row][vc_row el_id=&#8221;Menu-Smart&#8221; css=&#8221;.vc_custom_1735060936731{margin-bottom: 0px !important;padding-bottom: 0px !important;}&#8221; el_class=&#8221;invisible&#8221;][vc_column][vc_column_text]\n<p style=\"text-align: center;\"><a href=\"https:\/\/www.masdulac.com\/en\/a-guest-house-in-uzes-gard\/\">Guest House<\/a> | <a href=\"https:\/\/www.masdulac.com\/en\/your-stay-in-the-mas-dulac-guest-house\/\">Your stay<\/a> | <a href=\"https:\/\/www.masdulac.com\/en\/uzes-city-of-art-and-history-between-cevennes-provence-and-camargue\/\">Uz\u00e8s, City of Art<\/a> | <a href=\"https:\/\/www.masdulac.com\/en\/mas-dulac-events\/\">Events<\/a> | <a href=\"https:\/\/www.masdulac.com\/en\/contact-guest-house\/\">Contact<\/a><\/p>\n[\/vc_column_text][\/vc_column][\/vc_row][vc_row css=&#8221;.vc_custom_1713797066068{margin-top: 30px !important;}&#8221;][vc_column width=&#8221;1\/2&#8243;][vc_column_text el_class=&#8221;Texte14&#8243;]\n<div style=\"text-align: justify;\">\n<h2>At the doors of Provence, the guesthouse Le Mas du Lac<\/h2>\n<p>is located at Pont des Charettes, at Uzes entry. This 16th century `mas` is like a litlle provencal hamlet organised around a courtyard. It is surrounded by cypresses, vineyards and olive trees&#8230;<\/p>\n<\/div>\n[\/vc_column_text][\/vc_column][vc_column width=&#8221;1\/2&#8243;][vc_column_text el_class=&#8221;Texte14&#8243;]\n<div style=\"text-align: justify;\">\n<h2>UZ\u00c8S, a city of art and history in the South of France<\/h2>\n<p>owns an exeptional historical architecture, one of the 1st to be preserved, and the most wellspread. It has a rich cultural life, and a very protected natural environment..<br \/>\nLocated at the limits of the Cevennes, Camargue, Luberon, Alpilles, Rhone Valley,,,it is offering the guarantee of a quality stay.<\/p>\n<\/div>\n[\/vc_column_text][\/vc_column][\/vc_row]\n","protected":false},"excerpt":{"rendered":"<p>[vc_row css=&#8221;.vc_custom_1713449874128{margin-top: 10% !important;}&#8221;][vc_column][ucaddon_uc_starter_header image=&#8221;434&#8243; subheader=&#8221;le mas Dulac&#8221; header=&#8221;a guest house at the gates of Provence&#8221; btn_bg=&#8221;#38a2dc8a&#8221; btn_text=&#8221;bienvenue&#8221; btn_text_color=&#8221;#ffffff&#8221; link=&#8221;https:\/\/www.masdulac.com\/en\/a-guest-house-in-uzes-gard&#8221; uc_fonts_data=&#8221;JTdCJTIyc3ViaGVhZGVyJTIyJTNBJTdCJTIyZm9udC1mYW1pbHklMjIlM0ElMjJMb2JzdGVyJTIyJTJDJTIyZm9udC13ZWlnaHQlMjIlM0ElMjIzMDAlMjIlMkMlMjJmb250LXNpemUlMjIlM0ElMjI5MHB4JTIyJTJDJTIybW9iaWxlLXNpemUlMjIlM0ElMjIzMnB4JTIyJTJDJTIyY3VzdG9tJTIyJTNBJTIydGV4dC1zaGFkb3clM0Fub25lJTNCJTIyJTdEJTJDJTIyaGVhZGVyJTIyJTNBJTdCJTIyZm9udC1mYW1pbHklMjIlM0ElMjJPcGVuJTIwU2FucyUyMiUyQyUyMmZvbnQtd2VpZ2h0JTIyJTNBJTIyMzAwJTIyJTJDJTIyZm9udC1zaXplJTIyJTNBJTIyNDBweCUyMiUyQyUyMm1vYmlsZS1zaXplJTIyJTNBJTIyMjBweCUyMiUyQyUyMmN1c3RvbSUyMiUzQSUyMnRleHQtc2hhZG93JTNBbm9uZSUzQiUyMiU3RCUyQyUyMmJ0bl90ZXh0JTIyJTNBJTdCJTIyZm9udC1mYW1pbHklMjIlM0ElMjJPcGVuJTIwU2FucyUyMiUyQyUyMmZvbnQtd2VpZ2h0JTIyJTNBJTIyMzAwJTIyJTJDJTIyZm9udC1zaXplJTIyJTNBJTIyMTVweCUyMiU3RCU3RA==&#8221;][\/vc_column][\/vc_row][vc_row el_id=&#8221;Menu-Smart&#8221; css=&#8221;.vc_custom_1735060936731{margin-bottom: 0px !important;padding-bottom: 0px !important;}&#8221; el_class=&#8221;invisible&#8221;][vc_column][vc_column_text] Guest House | Your stay | Uz\u00e8s, City of Art | Events | Contact [\/vc_column_text][\/vc_column][\/vc_row][vc_row css=&#8221;.vc_custom_1713797066068{margin-top: 30px !important;}&#8221;][vc_column width=&#8221;1\/2&#8243;][vc_column_text el_class=&#8221;Texte14&#8243;] At the doors of Provence, the guesthouse&#8230;<\/p>\n","protected":false},"author":1,"featured_media":0,"parent":0,"menu_order":0,"comment_status":"closed","ping_status":"closed","template":"","meta":{"ngg_post_thumbnail":0,"footnotes":""},"class_list":["post-793","page","type-page","status-publish","hentry"],"yoast_head":"<!-- This site is optimized with the Yoast SEO plugin v23.8 - https:\/\/yoast.com\/wordpress\/plugins\/seo\/ -->\n<title>At the doors of Provence, a guesthouse in an old mas, in Uzes - Mas Dulac - Guest House<\/title>\n<meta name=\"description\" content=\"At the doors of Provence, the Mas du Lac guesthouse at Uzes is like a little provencal hamlet around a paved courtyard surrounded by cypresses, vines and olive trees...\" class=\"yoast-seo-meta-tag\" \/>\n<meta name=\"robots\" content=\"index, follow, max-snippet:-1, max-image-preview:large, max-video-preview:-1\" \/>\n<link rel=\"canonical\" href=\"https:\/\/www.masdulac.com\/en\/\" class=\"yoast-seo-meta-tag\" \/>\n<meta property=\"og:locale\" content=\"en_US\" class=\"yoast-seo-meta-tag\" \/>\n<meta property=\"og:type\" content=\"article\" class=\"yoast-seo-meta-tag\" \/>\n<meta property=\"og:title\" content=\"At the doors of Provence, a guesthouse in an old mas, in Uzes - Mas Dulac - Guest House\" class=\"yoast-seo-meta-tag\" \/>\n<meta property=\"og:description\" content=\"At the doors of Provence, the Mas du Lac guesthouse at Uzes is like a little provencal hamlet around a paved courtyard surrounded by cypresses, vines and olive trees...\" class=\"yoast-seo-meta-tag\" \/>\n<meta property=\"og:url\" content=\"https:\/\/www.masdulac.com\/en\/\" class=\"yoast-seo-meta-tag\" \/>\n<meta property=\"og:site_name\" content=\"Mas Dulac - Guest House\" class=\"yoast-seo-meta-tag\" \/>\n<meta property=\"article:modified_time\" content=\"2024-12-24T17:23:33+00:00\" class=\"yoast-seo-meta-tag\" \/>\n<meta name=\"twitter:card\" content=\"summary_large_image\" class=\"yoast-seo-meta-tag\" \/>\n<meta name=\"twitter:label1\" content=\"Est. reading time\" class=\"yoast-seo-meta-tag\" \/>\n\t<meta name=\"twitter:data1\" content=\"1 minute\" class=\"yoast-seo-meta-tag\" \/>\n<script type=\"application\/ld+json\" class=\"yoast-schema-graph\">{\"@context\":\"https:\/\/schema.org\",\"@graph\":[{\"@type\":\"WebPage\",\"@id\":\"https:\/\/www.masdulac.com\/en\/\",\"url\":\"https:\/\/www.masdulac.com\/en\/\",\"name\":\"At the doors of Provence, a guesthouse in an old mas, in Uzes - Mas Dulac - Guest House\",\"isPartOf\":{\"@id\":\"https:\/\/www.masdulac.com\/en\/#website\"},\"datePublished\":\"2024-04-22T15:45:34+00:00\",\"dateModified\":\"2024-12-24T17:23:33+00:00\",\"description\":\"At the doors of Provence, the Mas du Lac guesthouse at Uzes is like a little provencal hamlet around a paved courtyard surrounded by cypresses, vines and olive trees...\",\"breadcrumb\":{\"@id\":\"https:\/\/www.masdulac.com\/en\/#breadcrumb\"},\"inLanguage\":\"en-US\",\"potentialAction\":[{\"@type\":\"ReadAction\",\"target\":[\"https:\/\/www.masdulac.com\/en\/\"]}]},{\"@type\":\"BreadcrumbList\",\"@id\":\"https:\/\/www.masdulac.com\/en\/#breadcrumb\",\"itemListElement\":[{\"@type\":\"ListItem\",\"position\":1,\"name\":\"Accueil\",\"item\":\"https:\/\/www.masdulac.com\/en\/\"},{\"@type\":\"ListItem\",\"position\":2,\"name\":\"At the doors of Provence, a guesthouse in an old mas, in Uzes\"}]},{\"@type\":\"WebSite\",\"@id\":\"https:\/\/www.masdulac.com\/en\/#website\",\"url\":\"https:\/\/www.masdulac.com\/en\/\",\"name\":\"Maison d'h\u00f4tes \u00e0 Uz\u00e8s - Le Mas Dulac\",\"description\":\"\",\"publisher\":{\"@id\":\"https:\/\/www.masdulac.com\/en\/#organization\"},\"alternateName\":\"S\u00e9jour Gard\",\"potentialAction\":[{\"@type\":\"SearchAction\",\"target\":{\"@type\":\"EntryPoint\",\"urlTemplate\":\"https:\/\/www.masdulac.com\/en\/?s={search_term_string}\"},\"query-input\":{\"@type\":\"PropertyValueSpecification\",\"valueRequired\":true,\"valueName\":\"search_term_string\"}}],\"inLanguage\":\"en-US\"},{\"@type\":\"Organization\",\"@id\":\"https:\/\/www.masdulac.com\/en\/#organization\",\"name\":\"Maison d'h\u00f4tes \u00e0 Uz\u00e8s - Le Mas Dulac\",\"url\":\"https:\/\/www.masdulac.com\/en\/\",\"logo\":{\"@type\":\"ImageObject\",\"inLanguage\":\"en-US\",\"@id\":\"https:\/\/www.masdulac.com\/en\/#\/schema\/logo\/image\/\",\"url\":\"https:\/\/www.masdulac.com\/wp-content\/uploads\/2024\/12\/logo-mas-dulac-uzes-696.jpg\",\"contentUrl\":\"https:\/\/www.masdulac.com\/wp-content\/uploads\/2024\/12\/logo-mas-dulac-uzes-696.jpg\",\"width\":696,\"height\":696,\"caption\":\"Maison d'h\u00f4tes \u00e0 Uz\u00e8s - Le Mas Dulac\"},\"image\":{\"@id\":\"https:\/\/www.masdulac.com\/en\/#\/schema\/logo\/image\/\"}}]}<\/script>\n<!-- \/ Yoast SEO plugin. -->","yoast_head_json":{"title":"At the doors of Provence, a guesthouse in an old mas, in Uzes - Mas Dulac - Guest House","description":"At the doors of Provence, the Mas du Lac guesthouse at Uzes is like a little provencal hamlet around a paved courtyard surrounded by cypresses, vines and olive trees...","robots":{"index":"index","follow":"follow","max-snippet":"max-snippet:-1","max-image-preview":"max-image-preview:large","max-video-preview":"max-video-preview:-1"},"canonical":"https:\/\/www.masdulac.com\/en\/","og_locale":"en_US","og_type":"article","og_title":"At the doors of Provence, a guesthouse in an old mas, in Uzes - Mas Dulac - Guest House","og_description":"At the doors of Provence, the Mas du Lac guesthouse at Uzes is like a little provencal hamlet around a paved courtyard surrounded by cypresses, vines and olive trees...","og_url":"https:\/\/www.masdulac.com\/en\/","og_site_name":"Mas Dulac - Guest House","article_modified_time":"2024-12-24T17:23:33+00:00","twitter_card":"summary_large_image","twitter_misc":{"Est. reading time":"1 minute"},"schema":{"@context":"https:\/\/schema.org","@graph":[{"@type":"WebPage","@id":"https:\/\/www.masdulac.com\/en\/","url":"https:\/\/www.masdulac.com\/en\/","name":"At the doors of Provence, a guesthouse in an old mas, in Uzes - Mas Dulac - Guest House","isPartOf":{"@id":"https:\/\/www.masdulac.com\/en\/#website"},"datePublished":"2024-04-22T15:45:34+00:00","dateModified":"2024-12-24T17:23:33+00:00","description":"At the doors of Provence, the Mas du Lac guesthouse at Uzes is like a little provencal hamlet around a paved courtyard surrounded by cypresses, vines and olive trees...","breadcrumb":{"@id":"https:\/\/www.masdulac.com\/en\/#breadcrumb"},"inLanguage":"en-US","potentialAction":[{"@type":"ReadAction","target":["https:\/\/www.masdulac.com\/en\/"]}]},{"@type":"BreadcrumbList","@id":"https:\/\/www.masdulac.com\/en\/#breadcrumb","itemListElement":[{"@type":"ListItem","position":1,"name":"Accueil","item":"https:\/\/www.masdulac.com\/en\/"},{"@type":"ListItem","position":2,"name":"At the doors of Provence, a guesthouse in an old mas, in Uzes"}]},{"@type":"WebSite","@id":"https:\/\/www.masdulac.com\/en\/#website","url":"https:\/\/www.masdulac.com\/en\/","name":"Maison d'h\u00f4tes \u00e0 Uz\u00e8s - Le Mas Dulac","description":"","publisher":{"@id":"https:\/\/www.masdulac.com\/en\/#organization"},"alternateName":"S\u00e9jour Gard","potentialAction":[{"@type":"SearchAction","target":{"@type":"EntryPoint","urlTemplate":"https:\/\/www.masdulac.com\/en\/?s={search_term_string}"},"query-input":{"@type":"PropertyValueSpecification","valueRequired":true,"valueName":"search_term_string"}}],"inLanguage":"en-US"},{"@type":"Organization","@id":"https:\/\/www.masdulac.com\/en\/#organization","name":"Maison d'h\u00f4tes \u00e0 Uz\u00e8s - Le Mas Dulac","url":"https:\/\/www.masdulac.com\/en\/","logo":{"@type":"ImageObject","inLanguage":"en-US","@id":"https:\/\/www.masdulac.com\/en\/#\/schema\/logo\/image\/","url":"https:\/\/www.masdulac.com\/wp-content\/uploads\/2024\/12\/logo-mas-dulac-uzes-696.jpg","contentUrl":"https:\/\/www.masdulac.com\/wp-content\/uploads\/2024\/12\/logo-mas-dulac-uzes-696.jpg","width":696,"height":696,"caption":"Maison d'h\u00f4tes \u00e0 Uz\u00e8s - Le Mas Dulac"},"image":{"@id":"https:\/\/www.masdulac.com\/en\/#\/schema\/logo\/image\/"}}]}},"_links":{"self":[{"href":"https:\/\/www.masdulac.com\/en\/wp-json\/wp\/v2\/pages\/793","targetHints":{"allow":["GET"]}}],"collection":[{"href":"https:\/\/www.masdulac.com\/en\/wp-json\/wp\/v2\/pages"}],"about":[{"href":"https:\/\/www.masdulac.com\/en\/wp-json\/wp\/v2\/types\/page"}],"author":[{"embeddable":true,"href":"https:\/\/www.masdulac.com\/en\/wp-json\/wp\/v2\/users\/1"}],"replies":[{"embeddable":true,"href":"https:\/\/www.masdulac.com\/en\/wp-json\/wp\/v2\/comments?post=793"}],"version-history":[{"count":8,"href":"https:\/\/www.masdulac.com\/en\/wp-json\/wp\/v2\/pages\/793\/revisions"}],"predecessor-version":[{"id":956,"href":"https:\/\/www.masdulac.com\/en\/wp-json\/wp\/v2\/pages\/793\/revisions\/956"}],"wp:attachment":[{"href":"https:\/\/www.masdulac.com\/en\/wp-json\/wp\/v2\/media?parent=793"}],"curies":[{"name":"wp","href":"https:\/\/api.w.org\/{rel}","templated":true}]}}